{"id":1713,"date":"2019-11-06T21:34:40","date_gmt":"2019-11-06T19:34:40","guid":{"rendered":"https:\/\/nidelfilms.com\/?page_id=1713"},"modified":"2021-05-17T20:12:36","modified_gmt":"2021-05-17T17:12:36","slug":"privacy-policy","status":"publish","type":"page","link":"https:\/\/nidelfilms.com\/en\/privacy-policy\/","title":{"rendered":"Privacy Policy"},"content":{"rendered":"<h4>Who are we<\/h4>\r\n\r\n\r\n\r\n<p>Our website address is: https:\/\/nidelfilms.com. This privacy policy will explain how our organisation uses the personal data we collect from you when you use our website.<\/p>\r\n\r\n\r\n\r\n<h4>What personal data do we collect?<\/h4>\r\n\r\n\r\n\r\n<p>If you submit a message using our contact form on our site you may opt-in to saving your name and e-mail address in cookies. These are for your convenience so that you do not have to fill in your details again when you leave another comment. These cookies will last for one year.<\/p>\r\n\r\n\r\n\r\n<h4>How do we collect your data?<\/h4>\r\n\r\n\r\n\r\n<p>You directly provide us with most of the data we collect. We collect and process the data when you:<\/p>\r\n\r\n\r\n\r\n<p>-Voluntarily complete our contact form or any other survey on our site<\/p>\r\n\r\n\r\n\r\n<p>-Use or view our website via your browser\u2019s cookies<\/p>\r\n\r\n\r\n\r\n<h4>How will we use your data?<\/h4>\r\n\r\n\r\n\r\n<p>NidelFilms collects your data so that we can process your messages and react to them.<\/p>\r\n\r\n\r\n\r\n<h4>How do we store your data?<\/h4>\r\n\r\n\r\n\r\n<p>NidelFilms securely stores your data at clausweb\u2019s servers. NidelFilms will keep the collected data for 1 year. Once this period has expired, we will delete your data.<\/p>\r\n\r\n\r\n\r\n<h4>What are your data protection rights?<\/h4>\r\n\r\n\r\n\r\n<p>NidelFilms would like to make sure you are fully aware of all your data protection rights. Every user is entitled to the following:<\/p>\r\n\r\n\r\n\r\n<p>The right to access \u2013 You have the right to request NidelFilms for copies of your personal data. We may charge a small fee for this service.<\/p>\r\n\r\n\r\n\r\n<p>The right to erasure \u2013 You have the right to request NidelFilms to erase your personal data.<\/p>\r\n\r\n\r\n\r\n<p>The right to restrict processing \u2013 You have the right to request that NidelFilms restrict the processing of your personal data, under certain conditions.<\/p>\r\n\r\n\r\n\r\n<p>The right to data portability \u2013 You have the right to request that NidelFilms transfer the data that we have collected to another organisation, or directly to you, under certain conditions.<\/p>\r\n\r\n\r\n\r\n<p>If you make a request, we have one month to respond to you. If you would like to exercise any of these rights, please contact us at our e-mail: info@nidelfilms.com<\/p>\r\n\r\n\r\n\r\n<h4>What are cookies?<\/h4>\r\n\r\n\r\n\r\n<p>Cookies are text files placed on your computer to collect standard internet log information and visitor behavior information. When you visit NidelFilms.com, we may collect information from you automatically through cookies or similar technology.<\/p>\r\n\r\n\r\n\r\n<p>For further information, visit allaboutcookies.org<\/p>\r\n\r\n\r\n\r\n<h4>How do we use cookies?<\/h4>\r\n\r\n\r\n\r\n<p>NidelFilms uses cookies to measure traffic and understand what users are searching for on our site.<\/p>\r\n\r\n\r\n\r\n<h4>What types of cookies do we use?<\/h4>\r\n\r\n\r\n\r\n<p>There are a number of different types of cookies, however our website uses:<\/p>\r\n\r\n\r\n\r\n<ul><li>Functionality \u2013 We use these cookies so that we can recognize you on our website and remember your previously selected preferences. These could include what language you prefer or what location you are in. A mix of first-party and third-party cookies are used.<\/li><li>Advertising \u2013 We use these cookies to collect information about your visit to our website, the content you viewed, the links you followed and information about your browser, device, and your IP address. Our company sometimes shares some limited aspects of this data with third parties for advertising purposes. We may also share online data collected through cookies with our advertising partners. This means that when you visit another website, you may be shown advertising based on your browsing patterns on our website.<\/li><\/ul>\r\n\r\n\r\n\r\n<h4>How to manage cookies?<\/h4>\r\n\r\n\r\n\r\n<p>You can set your browser not to accept cookies, and the above website tells you how to remove cookies from you browser. However, in a few cases, some of our website features may not function as a result.<\/p>\r\n\r\n\r\n\r\n<h4>Privacy policies of other websites<\/h4>\r\n\r\n\r\n\r\n<p>Our website contains links to other websites. Our privacy policy applies only to our website, so if you click on a link to another website, you should read their privacy policy.<\/p>\r\n\r\n\r\n\r\n<h4>Changes to our privacy policy<\/h4>\r\n\r\n\r\n\r\n<p>NidelFilms keeps its privacy policy under regular review and places any updates on this web page. This privacy policy was last updated on 10. November 2019.<\/p>\r\n\r\n\r\n\r\n<h4>How to contact us<\/h4>\r\n\r\n\r\n\r\n<p>If you have any questions about our privacy policy, the data we hold on, or you would like to exercise one of your data protection rights, please do not hesitate to contact us.<\/p>\r\n\r\n\r\n\r\n<p>E-mail: info@nidelfilms.com<\/p>","protected":false},"excerpt":{"rendered":"<p>Kik vagyunk? Weboldalunk el\u00e9rhet\u0151s\u00e9ge: https:\/\/nidelfilms.com. Ez az adatv\u00e9delmi politika le\u00edrja, hogy weboldalunk hogyan kezeli \u00e9s mi\u00e9rt gy\u0171jti az \u00d6n szem\u00e9lyes adatait. Milyen adatokat gy\u0171jt\u00fcnk? Ha \u00d6n elk\u00fcld egy \u00fczenetet a kapcsolatfelvev\u0151 mez\u0151nket haszn\u00e1lva, az oldalunk elmentheti a megadott nevet, E-mail c\u00edmet illetve \u00fczenetet. Ezek c\u00e9lja az, hogy ism\u00e9telt l\u00e1togat\u00e1sn\u00e1l a b\u00f6ng\u00e9sz\u0151 aj\u00e1nlani tudja a m\u00e1r [&hellip;]<\/p>","protected":false},"author":1,"featured_media":0,"parent":0,"menu_order":0,"comment_status":"closed","ping_status":"closed","template":"","meta":[],"acf":[],"yoast_head":"<!-- This site is optimized with the Yoast SEO plugin v20.4 - https:\/\/yoast.com\/wordpress\/plugins\/seo\/ -->\n<title>Adatv\u00e9delmi nyilatkozat - NidelFilms<\/title>\n<meta name=\"robots\" content=\"index, follow, max-snippet:-1, max-image-preview:large, max-video-preview:-1\" \/>\n<link rel=\"canonical\" href=\"https:\/\/nidelfilms.com\/en\/privacy-policy\/\" \/>\n<meta property=\"og:locale\" content=\"en_US\" \/>\n<meta property=\"og:type\" content=\"article\" \/>\n<meta property=\"og:title\" content=\"Adatv\u00e9delmi nyilatkozat - NidelFilms\" \/>\n<meta property=\"og:description\" content=\"Kik vagyunk? Weboldalunk el\u00e9rhet\u0151s\u00e9ge: https:\/\/nidelfilms.com. Ez az adatv\u00e9delmi politika le\u00edrja, hogy weboldalunk hogyan kezeli \u00e9s mi\u00e9rt gy\u0171jti az \u00d6n szem\u00e9lyes adatait. Milyen adatokat gy\u0171jt\u00fcnk? Ha \u00d6n elk\u00fcld egy \u00fczenetet a kapcsolatfelvev\u0151 mez\u0151nket haszn\u00e1lva, az oldalunk elmentheti a megadott nevet, E-mail c\u00edmet illetve \u00fczenetet. Ezek c\u00e9lja az, hogy ism\u00e9telt l\u00e1togat\u00e1sn\u00e1l a b\u00f6ng\u00e9sz\u0151 aj\u00e1nlani tudja a m\u00e1r [&hellip;]\" \/>\n<meta property=\"og:url\" content=\"https:\/\/nidelfilms.com\/en\/privacy-policy\/\" \/>\n<meta property=\"og:site_name\" content=\"NidelFilms\" \/>\n<meta property=\"article:publisher\" content=\"https:\/\/www.facebook.com\/nidelfilms\" \/>\n<meta property=\"article:modified_time\" content=\"2021-05-17T17:12:36+00:00\" \/>\n<meta name=\"twitter:card\" content=\"summary_large_image\" \/>\n<meta name=\"twitter:label1\" content=\"Est. reading time\" \/>\n\t<meta name=\"twitter:data1\" content=\"3 minutes\" \/>\n<script type=\"application\/ld+json\" class=\"yoast-schema-graph\">{\"@context\":\"https:\/\/schema.org\",\"@graph\":[{\"@type\":\"WebPage\",\"@id\":\"https:\/\/nidelfilms.com\/privacy-policy\/\",\"url\":\"https:\/\/nidelfilms.com\/privacy-policy\/\",\"name\":\"Adatv\u00e9delmi nyilatkozat - NidelFilms\",\"isPartOf\":{\"@id\":\"https:\/\/nidelfilms.com\/#website\"},\"datePublished\":\"2019-11-06T19:34:40+00:00\",\"dateModified\":\"2021-05-17T17:12:36+00:00\",\"breadcrumb\":{\"@id\":\"https:\/\/nidelfilms.com\/privacy-policy\/#breadcrumb\"},\"inLanguage\":\"en-US\",\"potentialAction\":[{\"@type\":\"ReadAction\",\"target\":[\"https:\/\/nidelfilms.com\/privacy-policy\/\"]}]},{\"@type\":\"BreadcrumbList\",\"@id\":\"https:\/\/nidelfilms.com\/privacy-policy\/#breadcrumb\",\"itemListElement\":[{\"@type\":\"ListItem\",\"position\":1,\"name\":\"Home\",\"item\":\"https:\/\/nidelfilms.com\/\"},{\"@type\":\"ListItem\",\"position\":2,\"name\":\"Adatv\u00e9delmi nyilatkozat\"}]},{\"@type\":\"WebSite\",\"@id\":\"https:\/\/nidelfilms.com\/#website\",\"url\":\"https:\/\/nidelfilms.com\/\",\"name\":\"NidelFilms\",\"description\":\"Esk\u00fcv\u0151i vide\u00f3k \u00e9s zen\u00e9s klipek.\",\"publisher\":{\"@id\":\"https:\/\/nidelfilms.com\/#organization\"},\"potentialAction\":[{\"@type\":\"SearchAction\",\"target\":{\"@type\":\"EntryPoint\",\"urlTemplate\":\"https:\/\/nidelfilms.com\/?s={search_term_string}\"},\"query-input\":\"required name=search_term_string\"}],\"inLanguage\":\"en-US\"},{\"@type\":\"Organization\",\"@id\":\"https:\/\/nidelfilms.com\/#organization\",\"name\":\"NidelFilms\",\"url\":\"https:\/\/nidelfilms.com\/\",\"logo\":{\"@type\":\"ImageObject\",\"inLanguage\":\"en-US\",\"@id\":\"https:\/\/nidelfilms.com\/#\/schema\/logo\/image\/\",\"url\":\"https:\/\/nidelfilms.com\/wp-content\/uploads\/2019\/10\/logodarkYoast.png\",\"contentUrl\":\"https:\/\/nidelfilms.com\/wp-content\/uploads\/2019\/10\/logodarkYoast.png\",\"width\":800,\"height\":800,\"caption\":\"NidelFilms\"},\"image\":{\"@id\":\"https:\/\/nidelfilms.com\/#\/schema\/logo\/image\/\"},\"sameAs\":[\"https:\/\/www.facebook.com\/nidelfilms\",\"https:\/\/www.instagram.com\/nidelfilms\/\"]}]}<\/script>\n<!-- \/ Yoast SEO plugin. -->","yoast_head_json":{"title":"Adatv\u00e9delmi nyilatkozat - NidelFilms","robots":{"index":"index","follow":"follow","max-snippet":"max-snippet:-1","max-image-preview":"max-image-preview:large","max-video-preview":"max-video-preview:-1"},"canonical":"https:\/\/nidelfilms.com\/en\/privacy-policy\/","og_locale":"en_US","og_type":"article","og_title":"Adatv\u00e9delmi nyilatkozat - NidelFilms","og_description":"Kik vagyunk? Weboldalunk el\u00e9rhet\u0151s\u00e9ge: https:\/\/nidelfilms.com. Ez az adatv\u00e9delmi politika le\u00edrja, hogy weboldalunk hogyan kezeli \u00e9s mi\u00e9rt gy\u0171jti az \u00d6n szem\u00e9lyes adatait. Milyen adatokat gy\u0171jt\u00fcnk? Ha \u00d6n elk\u00fcld egy \u00fczenetet a kapcsolatfelvev\u0151 mez\u0151nket haszn\u00e1lva, az oldalunk elmentheti a megadott nevet, E-mail c\u00edmet illetve \u00fczenetet. Ezek c\u00e9lja az, hogy ism\u00e9telt l\u00e1togat\u00e1sn\u00e1l a b\u00f6ng\u00e9sz\u0151 aj\u00e1nlani tudja a m\u00e1r [&hellip;]","og_url":"https:\/\/nidelfilms.com\/en\/privacy-policy\/","og_site_name":"NidelFilms","article_publisher":"https:\/\/www.facebook.com\/nidelfilms","article_modified_time":"2021-05-17T17:12:36+00:00","twitter_card":"summary_large_image","twitter_misc":{"Est. reading time":"3 minutes"},"schema":{"@context":"https:\/\/schema.org","@graph":[{"@type":"WebPage","@id":"https:\/\/nidelfilms.com\/privacy-policy\/","url":"https:\/\/nidelfilms.com\/privacy-policy\/","name":"Adatv\u00e9delmi nyilatkozat - NidelFilms","isPartOf":{"@id":"https:\/\/nidelfilms.com\/#website"},"datePublished":"2019-11-06T19:34:40+00:00","dateModified":"2021-05-17T17:12:36+00:00","breadcrumb":{"@id":"https:\/\/nidelfilms.com\/privacy-policy\/#breadcrumb"},"inLanguage":"en-US","potentialAction":[{"@type":"ReadAction","target":["https:\/\/nidelfilms.com\/privacy-policy\/"]}]},{"@type":"BreadcrumbList","@id":"https:\/\/nidelfilms.com\/privacy-policy\/#breadcrumb","itemListElement":[{"@type":"ListItem","position":1,"name":"Home","item":"https:\/\/nidelfilms.com\/"},{"@type":"ListItem","position":2,"name":"Adatv\u00e9delmi nyilatkozat"}]},{"@type":"WebSite","@id":"https:\/\/nidelfilms.com\/#website","url":"https:\/\/nidelfilms.com\/","name":"NidelFilms","description":"Esk\u00fcv\u0151i vide\u00f3k \u00e9s zen\u00e9s klipek.","publisher":{"@id":"https:\/\/nidelfilms.com\/#organization"},"potentialAction":[{"@type":"SearchAction","target":{"@type":"EntryPoint","urlTemplate":"https:\/\/nidelfilms.com\/?s={search_term_string}"},"query-input":"required name=search_term_string"}],"inLanguage":"en-US"},{"@type":"Organization","@id":"https:\/\/nidelfilms.com\/#organization","name":"NidelFilms","url":"https:\/\/nidelfilms.com\/","logo":{"@type":"ImageObject","inLanguage":"en-US","@id":"https:\/\/nidelfilms.com\/#\/schema\/logo\/image\/","url":"https:\/\/nidelfilms.com\/wp-content\/uploads\/2019\/10\/logodarkYoast.png","contentUrl":"https:\/\/nidelfilms.com\/wp-content\/uploads\/2019\/10\/logodarkYoast.png","width":800,"height":800,"caption":"NidelFilms"},"image":{"@id":"https:\/\/nidelfilms.com\/#\/schema\/logo\/image\/"},"sameAs":["https:\/\/www.facebook.com\/nidelfilms","https:\/\/www.instagram.com\/nidelfilms\/"]}]}},"_links":{"self":[{"href":"https:\/\/nidelfilms.com\/en\/wp-json\/wp\/v2\/pages\/1713"}],"collection":[{"href":"https:\/\/nidelfilms.com\/en\/wp-json\/wp\/v2\/pages"}],"about":[{"href":"https:\/\/nidelfilms.com\/en\/wp-json\/wp\/v2\/types\/page"}],"author":[{"embeddable":true,"href":"https:\/\/nidelfilms.com\/en\/wp-json\/wp\/v2\/users\/1"}],"replies":[{"embeddable":true,"href":"https:\/\/nidelfilms.com\/en\/wp-json\/wp\/v2\/comments?post=1713"}],"version-history":[{"count":6,"href":"https:\/\/nidelfilms.com\/en\/wp-json\/wp\/v2\/pages\/1713\/revisions"}],"predecessor-version":[{"id":2071,"href":"https:\/\/nidelfilms.com\/en\/wp-json\/wp\/v2\/pages\/1713\/revisions\/2071"}],"wp:attachment":[{"href":"https:\/\/nidelfilms.com\/en\/wp-json\/wp\/v2\/media?parent=1713"}],"curies":[{"name":"wp","href":"https:\/\/api.w.org\/{rel}","templated":true}]}}